{"id":3341,"date":"2018-07-28T16:07:51","date_gmt":"2018-07-28T16:07:51","guid":{"rendered":"https:\/\/zkcarpet.com\/contacts\/"},"modified":"2024-08-20T10:55:37","modified_gmt":"2024-08-20T10:55:37","slug":"contacts","status":"publish","type":"page","link":"https:\/\/zkcarpet.com\/ar\/contacts\/","title":{"rendered":"\u062a\u0648\u0627\u0635\u0644 \u0645\u0639\u0646\u0627"},"content":{"rendered":"\t\t<div data-elementor-type=\"wp-post\" data-elementor-id=\"3341\" class=\"elementor elementor-3341 elementor-350\">\n\t\t\t\t\t\t<section class=\"elementor-section elementor-top-section elementor-element elementor-element-6a7b42c elementor-section-boxed elementor-section-height-default elementor-section-height-default\" data-id=\"6a7b42c\" data-element_type=\"section\">\n\t\t\t\t\t\t<div class=\"elementor-container elementor-column-gap-default\">\n\t\t\t\t\t<div class=\"elementor-column elementor-col-50 elementor-top-column elementor-element elementor-element-1a6fadf elementor-invisible\" data-id=\"1a6fadf\" data-element_type=\"column\" data-settings=\"{&quot;animation&quot;:&quot;fadeIn&quot;}\">\n\t\t\t<div class=\"elementor-widget-wrap elementor-element-populated\">\n\t\t\t\t\t\t<div class=\"elementor-element elementor-element-aa49f1e elementor-widget elementor-widget-heading\" data-id=\"aa49f1e\" data-element_type=\"widget\" data-widget_type=\"heading.default\">\n\t\t\t\t<div class=\"elementor-widget-container\">\n\t\t\t<style>\/*! elementor - v3.23.0 - 05-08-2024 *\/\n.elementor-heading-title{padding:0;margin:0;line-height:1}.elementor-widget-heading .elementor-heading-title[class*=elementor-size-]>a{color:inherit;font-size:inherit;line-height:inherit}.elementor-widget-heading .elementor-heading-title.elementor-size-small{font-size:15px}.elementor-widget-heading .elementor-heading-title.elementor-size-medium{font-size:19px}.elementor-widget-heading .elementor-heading-title.elementor-size-large{font-size:29px}.elementor-widget-heading .elementor-heading-title.elementor-size-xl{font-size:39px}.elementor-widget-heading .elementor-heading-title.elementor-size-xxl{font-size:59px}<\/style><h2 class=\"elementor-heading-title elementor-size-default elementor-heading-title elementor-align-after-mobile-center\">\u062c\u0647\u0627\u062a \u0627\u0644\u0627\u062a\u0635\u0627\u0644 \u0628\u0627\u0644\u0645\u0643\u062a\u0628<\/h2>\t\t<\/div>\n\t\t\t\t<\/div>\n\t\t\t\t<div class=\"elementor-element elementor-element-6c57b21 elementor-widget elementor-widget-heading\" data-id=\"6c57b21\" data-element_type=\"widget\" data-widget_type=\"heading.default\">\n\t\t\t\t<div class=\"elementor-widget-container\">\n\t\t\t<h4 class=\"elementor-heading-title elementor-size-default elementor-heading-title\">\u0627\u0644\u0645\u0639\u0645\u0644 \u0641\u064a \u0627\u0633\u0637\u0646\u0628\u0648\u0644<\/h4>\t\t<\/div>\n\t\t\t\t<\/div>\n\t\t\t\t<div class=\"elementor-element elementor-element-234fe09 elementor-widget elementor-widget-text-editor\" data-id=\"234fe09\" data-element_type=\"widget\" data-widget_type=\"text-editor.default\">\n\t\t\t\t<div class=\"elementor-widget-container\">\n\t\t\t<style>\/*! elementor - v3.23.0 - 05-08-2024 *\/\n.elementor-widget-text-editor.elementor-drop-cap-view-stacked .elementor-drop-cap{background-color:#69727d;color:#fff}.elementor-widget-text-editor.elementor-drop-cap-view-framed .elementor-drop-cap{color:#69727d;border:3px solid;background-color:transparent}.elementor-widget-text-editor:not(.elementor-drop-cap-view-default) .elementor-drop-cap{margin-top:8px}.elementor-widget-text-editor:not(.elementor-drop-cap-view-default) .elementor-drop-cap-letter{width:1em;height:1em}.elementor-widget-text-editor .elementor-drop-cap{float:left;text-align:center;line-height:1;font-size:50px}.elementor-widget-text-editor .elementor-drop-cap-letter{display:inline-block}<\/style>\t\t\t\t<p>Had\u0131mk\u00f6y, Yass\u0131\u00f6ren Mah, belde Sokak No 17, 34283 Arnavutk\u00f6y \/ \u0130stanbul<\/p>\n\t\t\t\t\t\t<\/div>\n\t\t\t\t<\/div>\n\t\t\t\t<div class=\"elementor-element elementor-element-7a92fe1 elementor-widget elementor-widget-heading\" data-id=\"7a92fe1\" data-element_type=\"widget\" data-widget_type=\"heading.default\">\n\t\t\t\t<div class=\"elementor-widget-container\">\n\t\t\t<h4 class=\"elementor-heading-title elementor-size-default elementor-heading-title\">\u0627\u0644\u0645\u0639\u0645\u0644 \u0641\u064a \u063a\u0627\u0632\u064a \u0639\u0646\u062a\u0627\u0628<\/h4>\t\t<\/div>\n\t\t\t\t<\/div>\n\t\t\t\t<div class=\"elementor-element elementor-element-02fe0e6 elementor-widget elementor-widget-text-editor\" data-id=\"02fe0e6\" data-element_type=\"widget\" data-widget_type=\"text-editor.default\">\n\t\t\t\t<div class=\"elementor-widget-container\">\n\t\t\t\t\t\t\t<p>BA\u015ePINAR(ORGANIZE) OSB MAHALLESI O.S.B. 2.B\u00d6LGE, Vali Muammer G\u00fcler Blv NO:21, 27650 \u015eehitkamil\/Gaziantep<\/p>\n\t\t\t\t\t\t<\/div>\n\t\t\t\t<\/div>\n\t\t\t\t<div class=\"elementor-element elementor-element-4517a21 elementor-widget elementor-widget-heading\" data-id=\"4517a21\" data-element_type=\"widget\" data-widget_type=\"heading.default\">\n\t\t\t\t<div class=\"elementor-widget-container\">\n\t\t\t<h4 class=\"elementor-heading-title elementor-size-default elementor-heading-title\">\u0627\u062a\u0635\u0644 \u0628\u0646\u0627<\/h4>\t\t<\/div>\n\t\t\t\t<\/div>\n\t\t\t\t<div class=\"elementor-element elementor-element-0cc528b elementor-widget elementor-widget-text-editor\" data-id=\"0cc528b\" data-element_type=\"widget\" data-widget_type=\"text-editor.default\">\n\t\t\t\t<div class=\"elementor-widget-container\">\n\t\t\t\t\t\t\t<div style=\"direction: ltr; text-align: right;\">\n+90 531 345 77 38\n<br \/>\n+90 552 611 11 18\n<\/div>\t\t\t\t\t\t<\/div>\n\t\t\t\t<\/div>\n\t\t<div class=\"elementor-element elementor-element-2db578c e-flex e-con-boxed e-con e-parent\" data-id=\"2db578c\" data-element_type=\"container\">\n\t\t\t\t\t<div class=\"e-con-inner\">\n\t\t\t\t<div class=\"elementor-element elementor-element-418a7da elementor-shape-rounded elementor-grid-0 e-grid-align-center elementor-widget elementor-widget-social-icons\" data-id=\"418a7da\" data-element_type=\"widget\" data-widget_type=\"social-icons.default\">\n\t\t\t\t<div class=\"elementor-widget-container\">\n\t\t\t<style>\/*! elementor - v3.23.0 - 05-08-2024 *\/\n.elementor-widget-social-icons.elementor-grid-0 .elementor-widget-container,.elementor-widget-social-icons.elementor-grid-mobile-0 .elementor-widget-container,.elementor-widget-social-icons.elementor-grid-tablet-0 .elementor-widget-container{line-height:1;font-size:0}.elementor-widget-social-icons:not(.elementor-grid-0):not(.elementor-grid-tablet-0):not(.elementor-grid-mobile-0) .elementor-grid{display:inline-grid}.elementor-widget-social-icons .elementor-grid{grid-column-gap:var(--grid-column-gap,5px);grid-row-gap:var(--grid-row-gap,5px);grid-template-columns:var(--grid-template-columns);justify-content:var(--justify-content,center);justify-items:var(--justify-content,center)}.elementor-icon.elementor-social-icon{font-size:var(--icon-size,25px);line-height:var(--icon-size,25px);width:calc(var(--icon-size, 25px) + 2 * var(--icon-padding, .5em));height:calc(var(--icon-size, 25px) + 2 * var(--icon-padding, .5em))}.elementor-social-icon{--e-social-icon-icon-color:#fff;display:inline-flex;background-color:#69727d;align-items:center;justify-content:center;text-align:center;cursor:pointer}.elementor-social-icon i{color:var(--e-social-icon-icon-color)}.elementor-social-icon svg{fill:var(--e-social-icon-icon-color)}.elementor-social-icon:last-child{margin:0}.elementor-social-icon:hover{opacity:.9;color:#fff}.elementor-social-icon-android{background-color:#a4c639}.elementor-social-icon-apple{background-color:#999}.elementor-social-icon-behance{background-color:#1769ff}.elementor-social-icon-bitbucket{background-color:#205081}.elementor-social-icon-codepen{background-color:#000}.elementor-social-icon-delicious{background-color:#39f}.elementor-social-icon-deviantart{background-color:#05cc47}.elementor-social-icon-digg{background-color:#005be2}.elementor-social-icon-dribbble{background-color:#ea4c89}.elementor-social-icon-elementor{background-color:#d30c5c}.elementor-social-icon-envelope{background-color:#ea4335}.elementor-social-icon-facebook,.elementor-social-icon-facebook-f{background-color:#3b5998}.elementor-social-icon-flickr{background-color:#0063dc}.elementor-social-icon-foursquare{background-color:#2d5be3}.elementor-social-icon-free-code-camp,.elementor-social-icon-freecodecamp{background-color:#006400}.elementor-social-icon-github{background-color:#333}.elementor-social-icon-gitlab{background-color:#e24329}.elementor-social-icon-globe{background-color:#69727d}.elementor-social-icon-google-plus,.elementor-social-icon-google-plus-g{background-color:#dd4b39}.elementor-social-icon-houzz{background-color:#7ac142}.elementor-social-icon-instagram{background-color:#262626}.elementor-social-icon-jsfiddle{background-color:#487aa2}.elementor-social-icon-link{background-color:#818a91}.elementor-social-icon-linkedin,.elementor-social-icon-linkedin-in{background-color:#0077b5}.elementor-social-icon-medium{background-color:#00ab6b}.elementor-social-icon-meetup{background-color:#ec1c40}.elementor-social-icon-mixcloud{background-color:#273a4b}.elementor-social-icon-odnoklassniki{background-color:#f4731c}.elementor-social-icon-pinterest{background-color:#bd081c}.elementor-social-icon-product-hunt{background-color:#da552f}.elementor-social-icon-reddit{background-color:#ff4500}.elementor-social-icon-rss{background-color:#f26522}.elementor-social-icon-shopping-cart{background-color:#4caf50}.elementor-social-icon-skype{background-color:#00aff0}.elementor-social-icon-slideshare{background-color:#0077b5}.elementor-social-icon-snapchat{background-color:#fffc00}.elementor-social-icon-soundcloud{background-color:#f80}.elementor-social-icon-spotify{background-color:#2ebd59}.elementor-social-icon-stack-overflow{background-color:#fe7a15}.elementor-social-icon-steam{background-color:#00adee}.elementor-social-icon-stumbleupon{background-color:#eb4924}.elementor-social-icon-telegram{background-color:#2ca5e0}.elementor-social-icon-threads{background-color:#000}.elementor-social-icon-thumb-tack{background-color:#1aa1d8}.elementor-social-icon-tripadvisor{background-color:#589442}.elementor-social-icon-tumblr{background-color:#35465c}.elementor-social-icon-twitch{background-color:#6441a5}.elementor-social-icon-twitter{background-color:#1da1f2}.elementor-social-icon-viber{background-color:#665cac}.elementor-social-icon-vimeo{background-color:#1ab7ea}.elementor-social-icon-vk{background-color:#45668e}.elementor-social-icon-weibo{background-color:#dd2430}.elementor-social-icon-weixin{background-color:#31a918}.elementor-social-icon-whatsapp{background-color:#25d366}.elementor-social-icon-wordpress{background-color:#21759b}.elementor-social-icon-x-twitter{background-color:#000}.elementor-social-icon-xing{background-color:#026466}.elementor-social-icon-yelp{background-color:#af0606}.elementor-social-icon-youtube{background-color:#cd201f}.elementor-social-icon-500px{background-color:#0099e5}.elementor-shape-rounded .elementor-icon.elementor-social-icon{border-radius:10%}.elementor-shape-circle .elementor-icon.elementor-social-icon{border-radius:50%}<\/style>\t\t<div class=\"elementor-social-icons-wrapper elementor-grid\">\n\t\t\t\t\t\t\t<span class=\"elementor-grid-item\">\n\t\t\t\t\t<a class=\"elementor-icon elementor-social-icon elementor-social-icon-facebook elementor-repeater-item-fa15153\" href=\"https:\/\/www.facebook.com\/ZKcarpet\/\" target=\"_blank\">\n\t\t\t\t\t\t<span class=\"elementor-screen-only\">Facebook<\/span>\n\t\t\t\t\t\t<svg class=\"e-font-icon-svg e-fab-facebook\" viewBox=\"0 0 512 512\" xmlns=\"http:\/\/www.w3.org\/2000\/svg\"><path d=\"M504 256C504 119 393 8 256 8S8 119 8 256c0 123.78 90.69 226.38 209.25 245V327.69h-63V256h63v-54.64c0-62.15 37-96.48 93.67-96.48 27.14 0 55.52 4.84 55.52 4.84v61h-31.28c-30.8 0-40.41 19.12-40.41 38.73V256h68.78l-11 71.69h-57.78V501C413.31 482.38 504 379.78 504 256z\"><\/path><\/svg>\t\t\t\t\t<\/a>\n\t\t\t\t<\/span>\n\t\t\t\t\t\t\t<span class=\"elementor-grid-item\">\n\t\t\t\t\t<a class=\"elementor-icon elementor-social-icon elementor-social-icon- elementor-repeater-item-d58cd4d\" href=\"https:\/\/www.tiktok.com\/@zkcarpets?_t=8p1jotOPDjL&#038;_r=1\" target=\"_blank\">\n\t\t\t\t\t\t<span class=\"elementor-screen-only\"><\/span>\n\t\t\t\t\t\t<svg xmlns=\"http:\/\/www.w3.org\/2000\/svg\" fill=\"#000000\" width=\"800px\" height=\"800px\" viewBox=\"0 0 512 512\" id=\"icons\"><path d=\"M412.19,118.66a109.27,109.27,0,0,1-9.45-5.5,132.87,132.87,0,0,1-24.27-20.62c-18.1-20.71-24.86-41.72-27.35-56.43h.1C349.14,23.9,350,16,350.13,16H267.69V334.78c0,4.28,0,8.51-.18,12.69,0,.52-.05,1-.08,1.56,0,.23,0,.47-.05.71,0,.06,0,.12,0,.18a70,70,0,0,1-35.22,55.56,68.8,68.8,0,0,1-34.11,9c-38.41,0-69.54-31.32-69.54-70s31.13-70,69.54-70a68.9,68.9,0,0,1,21.41,3.39l.1-83.94a153.14,153.14,0,0,0-118,34.52,161.79,161.79,0,0,0-35.3,43.53c-3.48,6-16.61,30.11-18.2,69.24-1,22.21,5.67,45.22,8.85,54.73v.2c2,5.6,9.75,24.71,22.38,40.82A167.53,167.53,0,0,0,115,470.66v-.2l.2.2C155.11,497.78,199.36,496,199.36,496c7.66-.31,33.32,0,62.46-13.81,32.32-15.31,50.72-38.12,50.72-38.12a158.46,158.46,0,0,0,27.64-45.93c7.46-19.61,9.95-43.13,9.95-52.53V176.49c1,.6,14.32,9.41,14.32,9.41s19.19,12.3,49.13,20.31c21.48,5.7,50.42,6.9,50.42,6.9V131.27C453.86,132.37,433.27,129.17,412.19,118.66Z\"><\/path><\/svg>\t\t\t\t\t<\/a>\n\t\t\t\t<\/span>\n\t\t\t\t\t\t\t<span class=\"elementor-grid-item\">\n\t\t\t\t\t<a class=\"elementor-icon elementor-social-icon elementor-social-icon-instagram elementor-repeater-item-d0fce7f\" href=\"https:\/\/www.instagram.com\/zk.carpet?igsh=MWlyb2gzbTlzcTR0OQ%3D%3D&#038;utm_source=qr\" target=\"_blank\">\n\t\t\t\t\t\t<span class=\"elementor-screen-only\">Instagram<\/span>\n\t\t\t\t\t\t<svg class=\"e-font-icon-svg e-fab-instagram\" viewBox=\"0 0 448 512\" xmlns=\"http:\/\/www.w3.org\/2000\/svg\"><path d=\"M224.1 141c-63.6 0-114.9 51.3-114.9 114.9s51.3 114.9 114.9 114.9S339 319.5 339 255.9 287.7 141 224.1 141zm0 189.6c-41.1 0-74.7-33.5-74.7-74.7s33.5-74.7 74.7-74.7 74.7 33.5 74.7 74.7-33.6 74.7-74.7 74.7zm146.4-194.3c0 14.9-12 26.8-26.8 26.8-14.9 0-26.8-12-26.8-26.8s12-26.8 26.8-26.8 26.8 12 26.8 26.8zm76.1 27.2c-1.7-35.9-9.9-67.7-36.2-93.9-26.2-26.2-58-34.4-93.9-36.2-37-2.1-147.9-2.1-184.9 0-35.8 1.7-67.6 9.9-93.9 36.1s-34.4 58-36.2 93.9c-2.1 37-2.1 147.9 0 184.9 1.7 35.9 9.9 67.7 36.2 93.9s58 34.4 93.9 36.2c37 2.1 147.9 2.1 184.9 0 35.9-1.7 67.7-9.9 93.9-36.2 26.2-26.2 34.4-58 36.2-93.9 2.1-37 2.1-147.8 0-184.8zM398.8 388c-7.8 19.6-22.9 34.7-42.6 42.6-29.5 11.7-99.5 9-132.1 9s-102.7 2.6-132.1-9c-19.6-7.8-34.7-22.9-42.6-42.6-11.7-29.5-9-99.5-9-132.1s-2.6-102.7 9-132.1c7.8-19.6 22.9-34.7 42.6-42.6 29.5-11.7 99.5-9 132.1-9s102.7-2.6 132.1 9c19.6 7.8 34.7 22.9 42.6 42.6 11.7 29.5 9 99.5 9 132.1s2.7 102.7-9 132.1z\"><\/path><\/svg>\t\t\t\t\t<\/a>\n\t\t\t\t<\/span>\n\t\t\t\t\t<\/div>\n\t\t\t\t<\/div>\n\t\t\t\t<\/div>\n\t\t\t\t\t<\/div>\n\t\t\t\t<\/div>\n\t\t\t\t\t<\/div>\n\t\t<\/div>\n\t\t\t\t<div class=\"elementor-column elementor-col-50 elementor-top-column elementor-element elementor-element-149420f elementor-invisible\" data-id=\"149420f\" data-element_type=\"column\" data-settings=\"{&quot;animation&quot;:&quot;fadeIn&quot;,&quot;animation_delay&quot;:200}\">\n\t\t\t<div class=\"elementor-widget-wrap elementor-element-populated\">\n\t\t\t\t\t\t<div class=\"elementor-element elementor-element-1ee8f11 elementor-widget elementor-widget-sm-offices\" data-id=\"1ee8f11\" data-element_type=\"widget\" data-widget_type=\"sm-offices.default\">\n\t\t\t\t<div class=\"elementor-widget-container\">\n\t\t\t\t\n\t\t\n\t\t<div class=\"man_map man_image_bck\">\n\t\t\t\t<div class=\"man_map_pins\">\n\t\t\t\t\t\t\t\t\t\t<div class=\"man_map_pin_wrapper\">\n\t\t\t\t\t\t\t<div class=\"man_map_pin_cont_mobile man_map_pin_cont_mobile-a181326\"><i class=\"man_map_pin_cont_mobile_close ti ti-close\"><\/i><b>Istanbul office<\/b><p>Had\u0131mk\u00f6y, Yass\u0131\u00f6ren Mah, belde Sokak No 17, 34283 Arnavutk\u00f6y \/ \u0130stanbul<\/p><\/div>\t\n\t\t\t\t\t\t\t<div class=\"man_map_pin elementor-repeater-item-a181326\" data-id=\"a181326\" data-top=\"21\" data-left=\"14\" data-top-mobile=\"28\" data-left-mobile=\"18\" data-top-tablet=\"21\" data-left-tablet=\"16\">\n\t\t\t\t\t\t\t\t\n\t\t\t\t\t\t\t\t<svg aria-hidden=\"true\" data-prefix=\"fas\" data-icon=\"map-marker-alt\" role=\"img\" xmlns=\"http:\/\/www.w3.org\/2000\/svg\" viewBox=\"0 0 414 542\" class=\"svg-inline--fa fa-map-marker-alt fa-w-12 fa-2x\"><path fill=\"currentColor\" d=\"M172.268 501.67C26.97 291.031 0 269.413 0 192 0 85.961 85.961 0 192 0s192 85.961 192 192c0 77.413-26.97 99.031-172.268 309.67-9.535 13.774-29.93 13.773-39.464 0zM192 272c44.183 0 80-35.817 80-80s-35.817-80-80-80-80 35.817-80 80 35.817 80 80 80z\" class=\"\"><\/path><\/svg>\n\n\n\t\t\t\t\t\t\t\t<div class=\"man_map_pin_cont\">\n\t\t\t\t\t\t\t\t\t<b>Istanbul office<\/b>\n\t\t\t\t\t\t\t\t\t<p>Had\u0131mk\u00f6y, Yass\u0131\u00f6ren Mah, belde Sokak No 17, 34283 Arnavutk\u00f6y \/ \u0130stanbul<\/p>\t\t\t\t\t\t\t\t<\/div>\n\t\t\t\t\t\t\t<\/div>\n\t\t\t\t\t<\/div>\n\t\t\t\t\t\t\t\t\t\t<div class=\"man_map_pin_wrapper\">\n\t\t\t\t\t\t\t<div class=\"man_map_pin_cont_mobile man_map_pin_cont_mobile-0a8c7a0\"><i class=\"man_map_pin_cont_mobile_close ti ti-close\"><\/i><b>Gaziantep office<\/b><div class=\"man_map_pins\"><div class=\"man_map_pin_wrapper\"><div class=\"man_map_pin elementor-repeater-item-d0a62ce skrollable skrollable-before\" data-id=\"d0a62ce\" data-top=\"54\" data-left=\"56\" data-top-mobile=\"\" data-left-mobile=\"\" data-top-tablet=\"\" data-left-tablet=\"\"><div class=\"man_map_pin_cont\"><p>BA\u015ePINAR(ORGANIZE) OSB MAHALLESI O.S.B. 2.B\u00d6LGE, Vali Muammer G\u00fcler Blv NO:21, 27650 \u015eehitkamil\/Gaziantep<\/p><\/div><\/div><\/div><\/div><\/div>\t\n\t\t\t\t\t\t\t<div class=\"man_map_pin elementor-repeater-item-0a8c7a0\" data-id=\"0a8c7a0\" data-top=\"54\" data-left=\"58\" data-top-mobile=\"\" data-left-mobile=\"45\" data-top-tablet=\"\" data-left-tablet=\"\">\n\t\t\t\t\t\t\t\t\n\t\t\t\t\t\t\t\t<svg aria-hidden=\"true\" data-prefix=\"fas\" data-icon=\"map-marker-alt\" role=\"img\" xmlns=\"http:\/\/www.w3.org\/2000\/svg\" viewBox=\"0 0 414 542\" class=\"svg-inline--fa fa-map-marker-alt fa-w-12 fa-2x\"><path fill=\"currentColor\" d=\"M172.268 501.67C26.97 291.031 0 269.413 0 192 0 85.961 85.961 0 192 0s192 85.961 192 192c0 77.413-26.97 99.031-172.268 309.67-9.535 13.774-29.93 13.773-39.464 0zM192 272c44.183 0 80-35.817 80-80s-35.817-80-80-80-80 35.817-80 80 35.817 80 80 80z\" class=\"\"><\/path><\/svg>\n\n\n\t\t\t\t\t\t\t\t<div class=\"man_map_pin_cont\">\n\t\t\t\t\t\t\t\t\t<b>Gaziantep office<\/b>\n\t\t\t\t\t\t\t\t\t<div class=\"man_map_pins\"><div class=\"man_map_pin_wrapper\"><div class=\"man_map_pin elementor-repeater-item-d0a62ce skrollable skrollable-before\" data-id=\"d0a62ce\" data-top=\"54\" data-left=\"56\" data-top-mobile=\"\" data-left-mobile=\"\" data-top-tablet=\"\" data-left-tablet=\"\"><div class=\"man_map_pin_cont\"><p>BA\u015ePINAR(ORGANIZE) OSB MAHALLESI O.S.B. 2.B\u00d6LGE, Vali Muammer G\u00fcler Blv NO:21, 27650 \u015eehitkamil\/Gaziantep<\/p><\/div><\/div><\/div><\/div>\t\t\t\t\t\t\t\t<\/div>\n\t\t\t\t\t\t\t<\/div>\n\t\t\t\t\t<\/div>\n\t\t\t\t\t\t\t\t\t<\/div>\n\t\t\t\t<img decoding=\"async\" src=\"https:\/\/zkcarpet.com\/wp-content\/uploads\/2024\/08\/526c96564e68a75b7a7234ef8ad0db00.jpg\" alt=\"\">\n\t\t\t\t\n\t\t<\/div>\n\n\t\t\t<\/div>\n\t\t\t\t<\/div>\n\t\t\t\t\t<\/div>\n\t\t<\/div>\n\t\t\t\t\t<\/div>\n\t\t<\/section>\n\t\t\t\t<\/div>\n\t\t","protected":false},"excerpt":{"rendered":"<p>\u062c\u0647\u0627\u062a \u0627\u0644\u0627\u062a\u0635\u0627\u0644 \u0628\u0627\u0644\u0645\u0643\u062a\u0628 \u0627\u0644\u0645\u0639\u0645\u0644 \u0641\u064a \u0627\u0633\u0637\u0646\u0628\u0648\u0644 Had\u0131mk\u00f6y, Yass\u0131\u00f6ren Mah, belde Sokak No 17, 34283 Arnavutk\u00f6y \/ \u0130stanbul \u0627\u0644\u0645\u0639\u0645\u0644&#8230;<\/p>\n","protected":false},"author":1,"featured_media":0,"parent":0,"menu_order":0,"comment_status":"closed","ping_status":"closed","template":"elementor_header_footer","meta":{"footnotes":""},"class_list":["post-3341","page","type-page","status-publish","hentry"],"_links":{"self":[{"href":"https:\/\/zkcarpet.com\/ar\/wp-json\/wp\/v2\/pages\/3341","targetHints":{"allow":["GET"]}}],"collection":[{"href":"https:\/\/zkcarpet.com\/ar\/wp-json\/wp\/v2\/pages"}],"about":[{"href":"https:\/\/zkcarpet.com\/ar\/wp-json\/wp\/v2\/types\/page"}],"author":[{"embeddable":true,"href":"https:\/\/zkcarpet.com\/ar\/wp-json\/wp\/v2\/users\/1"}],"replies":[{"embeddable":true,"href":"https:\/\/zkcarpet.com\/ar\/wp-json\/wp\/v2\/comments?post=3341"}],"version-history":[{"count":7,"href":"https:\/\/zkcarpet.com\/ar\/wp-json\/wp\/v2\/pages\/3341\/revisions"}],"predecessor-version":[{"id":3348,"href":"https:\/\/zkcarpet.com\/ar\/wp-json\/wp\/v2\/pages\/3341\/revisions\/3348"}],"wp:attachment":[{"href":"https:\/\/zkcarpet.com\/ar\/wp-json\/wp\/v2\/media?parent=3341"}],"curies":[{"name":"wp","href":"https:\/\/api.w.org\/{rel}","templated":true}]}}